{"id":977,"date":"2019-03-28T15:37:11","date_gmt":"2019-03-28T15:37:11","guid":{"rendered":"https:\/\/fundaciolavall.cat\/politica-de-privacitat-i-cookies\/"},"modified":"2021-07-29T15:44:45","modified_gmt":"2021-07-29T15:44:45","slug":"politica-de-privacidad-y-cookies","status":"publish","type":"page","link":"https:\/\/fundaciolavall.cat\/es\/politica-de-privacidad-y-cookies\/","title":{"rendered":"Pol\u00edtica de privacidad y Cookies"},"content":{"rendered":"<h2>POL\u00cdTICA DE PRIVACIDAD<\/h2>\n<p>En FUNDACIO LA VALL nos preocupamos por la privacidad y la transparencia.<\/p>\n<p>A continuaci\u00f3n, le indicamos en detalle los tratamientos de datos personales que realizamos, as\u00ed como toda la informaci\u00f3n relativa a los mismos.<\/p>\n<p><strong>\u00bfQui\u00e9n es el responsable del tratamiento de sus datos?<\/strong><\/p>\n<p>FUNDACIO LA VALL\u00a0 \u00a0G25078130<\/p>\n<p>CTRA DE BERGA, 10 &#8211; 25282 &#8211; SANT LLOREN\u00c7 DE MORUNYS &#8211; LLEIDA<\/p>\n<p>973492230 &#8211;\u00a0\u00a0lavall@fundaciolavall.cat<\/p>\n<ul>\n<li>Datos de contacto del Delegado de Protecci\u00f3n de Datos (DPD):<\/li>\n<\/ul>\n<p>Ctra.de Berga, 10, 25282 Sant lloren\u00e7 de Morunys &#8211; Lleida<\/p>\n<p>dpo@windat.eu<\/p>\n<p><strong>\u00bfCu\u00e1les son sus derechos cuando nos facilita sus datos?<\/strong><\/p>\n<p>Cualquier persona tiene derecho a obtener confirmaci\u00f3n sobre si en FUNDACIO LA VALL estamos tratando, o no, datos personales que les conciernan.<\/p>\n<p>Las personas interesadas tienen derecho a acceder a sus datos personales, as\u00ed como a solicitar la rectificaci\u00f3n de los datos inexactos o, en su caso, solicitar su supresi\u00f3n cuando, entre otros motivos, los datos ya no sean necesarios para los fines que fueron recogidos. Igualmente tiene derecho a la portabilidad de sus datos.<\/p>\n<p>En determinadas circunstancias, los interesados podr\u00e1n solicitar la limitaci\u00f3n del tratamiento de sus datos, en cuyo caso \u00fanicamente los conservaremos para el ejercicio o la defensa de reclamaciones.<\/p>\n<p>En determinadas circunstancias y por motivos relacionados con su situaci\u00f3n particular, los interesados podr\u00e1n oponerse al tratamiento de sus datos. En este caso, FUNDACIO LA VALL dejar\u00e1 de tratar los datos, salvo por motivos leg\u00edtimos imperiosos, o el ejercicio o la defensa de posibles reclamaciones.<\/p>\n<p>Podr\u00e1 ejercitar materialmente sus derechos de la siguiente forma: dirigi\u00e9ndose a dpo@windat.eu o Ctra.de Berga, 10. 25282 Sant Lloren\u00e7 de Morunys &#8211; Lleida.<\/p>\n<p>Cuando se realice el env\u00edo de comunicaciones comerciales utilizando como base jur\u00eddica el inter\u00e9s leg\u00edtimo del responsable, el interesado podr\u00e1 oponerse al tratamiento de sus datos con ese fin.<\/p>\n<p>Si ha otorgado su consentimiento para alguna finalidad concreta, tiene derecho a retirar el consentimiento otorgado en cualquier momento, sin que ello afecte a la licitud del tratamiento basado en el consentimiento previo a su retirada.<\/p>\n<p>En caso de que sienta vulnerados sus derechos en lo concerniente a la protecci\u00f3n de sus datos personales, especialmente cuando no haya obtenido satisfacci\u00f3n en el ejercicio de sus derechos, puede presentar una reclamaci\u00f3n ante la Autoridad de Control en materia de Protecci\u00f3n de Datos competente a trav\u00e9s de su sitio web: www.aepd.es.<\/p>\n<p><strong>\u00bfC\u00f3mo hemos obtenido sus datos?<\/strong><\/p>\n<p>Los datos personales que tratamos en FUNDACIO LA VALL proceden de: El propio interesado.<\/p>\n<p>&nbsp;<\/p>\n<h3>1 -Tratamiento de los datos de los contactos web.<\/h3>\n<p>&nbsp;<\/p>\n<p><strong>\u00bfCon qu\u00e9 finalidad tratamos sus datos personales?<\/strong><\/p>\n<p>En FUNDACIO LA VALL tratamos la informaci\u00f3n que nos facilitan las personas interesadas con el fin de atender su solicitud y enviarle comunicaciones comerciales y\/o newsletters. En el caso de que no facilite sus datos personales, no podremos cumplir con las finalidades descritas.<\/p>\n<p>No se van a tomar decisiones automatizadas en base a los datos proporcionados.<\/p>\n<p><strong>\u00bfPor cu\u00e1nto tiempo conservaremos sus datos?<\/strong><\/p>\n<p>Los datos se conservar\u00e1n mientras el interesado no solicite su supresi\u00f3n.<\/p>\n<p><strong>\u00bfCu\u00e1l es la legitimaci\u00f3n para el tratamiento de sus datos?<\/strong><\/p>\n<p>Le indicamos la base legal para el tratamiento de sus datos:<\/p>\n<ul>\n<li>Ejecuci\u00f3n de un contrato: Atender su solicitud.<\/li>\n<li>Consentimiento del interesado: Enviarle comunicaciones comerciales, inclusive por v\u00eda electr\u00f3nica.<\/li>\n<\/ul>\n<p><strong>\u00bfA qu\u00e9 destinatarios se comunicar\u00e1n sus datos?<\/strong><\/p>\n<p>No se ceder\u00e1n datos a terceros, salvo obligaci\u00f3n legal.<\/p>\n<p>Transferencias de datos a terceros pa\u00edses<\/p>\n<p>No est\u00e1n previstas transferencias de datos a terceros pa\u00edses.<\/p>\n<p>&nbsp;<\/p>\n<h3>2- Tratamiento de los datos del correo electr\u00f3nico.<\/h3>\n<p>&nbsp;<\/p>\n<p><strong>\u00bfCon qu\u00e9 finalidad tratamos sus datos personales?<\/strong><\/p>\n<p>En FUNDACIO LA VALL tratamos la informaci\u00f3n que nos facilitan las personas interesadas con el fin de Prestarle los servicios que nos ha solicitado, atender sus solicitudes de informaci\u00f3n y enviarle comunicaciones comerciales. En el caso de que no facilite sus datos personales, no podremos cumplir con las finalidades descritas.<\/p>\n<p>No se van a tomar decisiones automatizadas en base a los datos proporcionados.<\/p>\n<p><strong>\u00bfPor cu\u00e1nto tiempo conservaremos sus datos?<\/strong><\/p>\n<p>Los datos se conservar\u00e1n mientras el interesado no solicite su supresi\u00f3n.<\/p>\n<p><strong>\u00bfCu\u00e1l es la legitimaci\u00f3n para el tratamiento de sus datos?<\/strong><\/p>\n<p>Le indicamos la base legal para el tratamiento de sus datos:<\/p>\n<ul>\n<li>Ejecuci\u00f3n de un contrato: Atender su solicitud.<\/li>\n<li>Inter\u00e9s leg\u00edtimo del Responsable: Env\u00edo de comunicaciones comerciales sobre nuestros servicios.<\/li>\n<li>Consentimiento del interesado: Contacto y env\u00edo de comunicaciones comerciales sobre nuestros servicios en base al inter\u00e9s demostrado.<\/li>\n<\/ul>\n<p><strong>\u00bfA qu\u00e9 destinatarios se comunicar\u00e1n sus datos?<\/strong><\/p>\n<p>No se ceder\u00e1n datos a terceros, salvo obligaci\u00f3n legal.<\/p>\n<p>Transferencias de datos a terceros pa\u00edses<\/p>\n<p>No est\u00e1n previstas transferencias de datos a terceros pa\u00edses.<\/p>\n<p>&nbsp;<\/p>\n<h3>3- Tratamiento de los datos de videovigilancia.<\/h3>\n<p>&nbsp;<\/p>\n<p><strong>\u00bfCon qu\u00e9 finalidad tratamos sus datos personales?<\/strong><\/p>\n<p>En FUNDACIO LA VALL tratamos la informaci\u00f3n que nos facilitan las personas interesadas con el fin de garantizar la seguridad de las personas, bienes e instalaciones usando los sistemas de videovigilancia. En el caso de que no facilite sus datos personales, no podremos cumplir con las finalidades descritas.<\/p>\n<p>No se van a tomar decisiones automatizadas en base a los datos proporcionados.<\/p>\n<p><strong>\u00bfPor cu\u00e1nto tiempo conservaremos sus datos?<\/strong><\/p>\n<p>Los datos se conservar\u00e1n un m\u00e1ximo de 30 d\u00edas, salvo comunicaci\u00f3n a Fuerzas y Cuerpos de Seguridad, y\/o Juzgados y Tribunales.<\/p>\n<p><strong>\u00bfCu\u00e1l es la legitimaci\u00f3n para el tratamiento de sus datos?<\/strong><\/p>\n<p>Le indicamos la base legal para el tratamiento de sus datos:<\/p>\n<ul>\n<li>Misi\u00f3n en Inter\u00e9s p\u00fablico: Tratamiento necesario para el cumplimiento de una misi\u00f3n realizada en inter\u00e9s p\u00fablico o en el ejercicio de poderes p\u00fablicos conferidos al responsable del tratamiento (RGPD art. 6.1.e), seg\u00fan consta en la \u00abGu\u00eda sobre el uso de videoc\u00e1maras para seguridad y otras finalidades\u00bb, publicada por la Agencia Espa\u00f1ola de Protecci\u00f3n de Datos.<\/li>\n<\/ul>\n<p><strong>\u00bfA qu\u00e9 destinatarios se comunicar\u00e1n sus datos?<\/strong><\/p>\n<p>Los datos se comunicar\u00e1n a los siguientes destinatarios:<\/p>\n<ul>\n<li>En su caso, las fuerzas y cuerpos de seguridad del Estado, as\u00ed como Juzgados y Tribunales, con la finalidad de aportar las im\u00e1genes si se ha cometido un delito (requisito legal).<\/li>\n<\/ul>\n<p>Transferencias de datos a terceros pa\u00edses<\/p>\n<p>No est\u00e1n previstas transferencias de datos a terceros pa\u00edses.<\/p>\n<p>&nbsp;<\/p>\n<h3>4- Tratamiento de los datos de candidatos a un puesto de trabajo.<\/h3>\n<p>&nbsp;<\/p>\n<p><strong>\u00bfCon qu\u00e9 finalidad tratamos sus datos personales?<\/strong><\/p>\n<p>En FUNDACIO LA VALL tratamos la informaci\u00f3n que nos facilitan las personas interesadas con el fin de gestionar los Curriculum Vitae recibidos y realizar los procesos de selecci\u00f3n de personal, entrevistas y dem\u00e1s tr\u00e1mites necesarios para la b\u00fasqueda del mejor candidato posible a un puesto de trabajo determinado. En el caso de que no facilite sus datos personales, no podremos cumplir con las finalidades descritas.<\/p>\n<p>No se van a tomar decisiones automatizadas en base a los datos proporcionados.<\/p>\n<p><strong>\u00bfPor cu\u00e1nto tiempo conservaremos sus datos?<\/strong><\/p>\n<p>Dos a\u00f1os desde la \u00faltima interacci\u00f3n.<\/p>\n<p><strong>\u00bfCu\u00e1l es la legitimaci\u00f3n para el tratamiento de sus datos?<\/strong><\/p>\n<p>Le indicamos la base legal para el tratamiento de sus datos:<\/p>\n<ul>\n<li>Ejecuci\u00f3n de un contrato: Gest\u00edon de los Curriculum Vitae entregados por el candidato para realizar los procesos de selecci\u00f3n de personal para la b\u00fasqueda del mejor candidato posible a un puesto de trabajo determinado. (RGPD art. 6.1.b).<\/li>\n<\/ul>\n<p><strong>\u00bfA qu\u00e9 destinatarios se comunicar\u00e1n sus datos?<\/strong><\/p>\n<p>No se ceder\u00e1n datos a terceros, salvo obligaci\u00f3n legal.<\/p>\n<p>Transferencias de datos a terceros pa\u00edses<\/p>\n<p>No est\u00e1n previstas transferencias de datos a terceros pa\u00edses.<\/p>\n<p>&nbsp;<\/p>\n<p>&nbsp;<\/p>\n<h2>POL\u00cdTICA DE COOKIES<\/h2>\n<p><strong>Qu\u00e9 s\u00f3n las cookies?<\/strong><\/p>\n<p>Una cookie es un fichero que se descarga descarga en su ordenador al\u00a0acceder a determinadas p\u00e1ginas web. Las cookies permiten a una p\u00e1gina web, entre otras cosas, almacenar y recuperar informaci\u00f3n sobre los h\u00e1bitos de navegaci\u00f3n de un usuario o\u00a0de su equipo y, dependiendo de la informaci\u00f3n que contengan y de la forma en que utilice su equipo, pueden utilizarse para reconocer al usuario.<\/p>\n<p><strong>\u00bfPara qu\u00e9 utiliza las cookies esta p\u00e1gina web y cu\u00e1les son?<\/strong><\/p>\n<p>Esta p\u00e1gina web utiliza las cookies para una serie de finalidades, incluidas:<\/p>\n<table>\n<tbody>\n<tr>\n<td colspan=\"4\"><u><b>An\u00e1lisis estad\u00edstico<\/b><\/u><\/td>\n<td><strong>\u00a0<\/strong><\/td>\n<td><strong>\u00a0<\/strong><\/td>\n<\/tr>\n<tr>\n<td><strong>\u00a0<\/strong><\/td>\n<td colspan=\"5\">Las cookies estad\u00edsticas ayudan a los propietarios de p\u00e1ginas web a comprender c\u00f3mo interact\u00faan los visitantes con las p\u00e1ginas web reuniendo y proporcionando informaci\u00f3n como cuantificar el n\u00famero de usuarios y as\u00ed realizar la medici\u00f3n y an\u00e1lisis estad\u00edstico de la utilizaci\u00f3n que hacen los usuarios del servicio<\/td>\n<\/tr>\n<tr>\n<td colspan=\"6\">El detalle de las cookies de an\u00e1lisis utilizadas en aquesta p\u00e1gina web es el seguiente:<\/td>\n<\/tr>\n<tr>\n<td colspan=\"2\"><u>Cookies<\/u><\/td>\n<td><u>Nombre<\/u><\/td>\n<td><u>Tipos<\/u><\/td>\n<td><u>Prop\u00f3sito<\/u><\/td>\n<td><u>M\u00e1s informaci\u00f3n<\/u><\/td>\n<\/tr>\n<tr>\n<td colspan=\"2\">1P_JAR<\/td>\n<td>Google Analytics<\/td>\n<td>De terceros<\/td>\n<td>Estas cookies se usan para recopilar estad\u00edsticas del sitio web y rastrear las tasas de conversi\u00f3n.<\/td>\n<td>Centro de privacidad de Google: https:\/\/policies.google.com\/technologies\/cookies?hl=es<\/td>\n<\/tr>\n<\/tbody>\n<\/table>\n<p>&nbsp;<\/p>\n<table>\n<tbody>\n<tr>\n<td colspan=\"3\"><strong><u>T\u00e9cnicas o necesarias<\/u><\/strong><\/td>\n<td><strong>\u00a0<\/strong><\/td>\n<td><strong>\u00a0<\/strong><\/td>\n<\/tr>\n<tr>\n<td><strong>\u00a0<\/strong><\/td>\n<td colspan=\"4\">Son aquellas que se utilizan para la navegaci\u00f3n y el buen funcionamiento de nuestra p\u00e1gina web. Permiten por ejemplo, controlar el tr\u00e1fico y la comunicaci\u00f3n de datos, acceder a partes de acceso restringido, utilizar elementos de seguridad, almacenar contenidos para poder difundir v\u00eddeos o compartir contenidos a trav\u00e9s de redes sociales.<\/td>\n<\/tr>\n<tr>\n<td colspan=\"5\" width=\"605\">El detalle de las cookies t\u00e9cnicas o necesarias utilizadas en esta p\u00e1gina web es el seguiente:<\/td>\n<\/tr>\n<tr>\n<td><u>Cookies<\/u><\/td>\n<td><u>Nombre<\/u><\/td>\n<td><u>Tipo<\/u><\/td>\n<td><u>Prop\u00f3sito<\/u><\/td>\n<td><u>M\u00e1s informaci\u00f3n<\/u><\/td>\n<\/tr>\n<tr>\n<td>viewed_cookie_policy<\/td>\n<td>T\u00e9cnica fundaciolavall.cat<\/td>\n<td>Propia<\/td>\n<td>Esta cookie detecta si el usuario ha aceptado la pol\u00edtica de cookies de la web y por lo tanto no es necesario volver a mostrar el mensaje relacionado con el mismo.<\/td>\n<td>En la propia p\u00e1gina web:<\/td>\n<\/tr>\n<\/tbody>\n<\/table>\n<p>&nbsp;<\/p>\n<table>\n<tbody>\n<tr>\n<td colspan=\"4\"><strong><u>Publicitaria<\/u><\/strong><\/td>\n<td colspan=\"2\"><strong>\u00a0<\/strong><\/td>\n<td><strong>\u00a0<\/strong><\/td>\n<\/tr>\n<tr>\n<td><strong>\u00a0<\/strong><\/td>\n<td colspan=\"6\">Son aqu\u00e9llas que permiten la gesti\u00f3n, de la forma m\u00e1s eficaz posible, de los espacios publicitarios que, en su caso, el editor haya incluido en una p\u00e1gina web, aplicaci\u00f3n o plataforma desde la que presta el servicio solicitado en base a criterios como el contenido editado o la frecuencia en la que se muestran los anuncios.<\/td>\n<\/tr>\n<tr>\n<td colspan=\"7\">El detalle de las cookies publicitarias utilizadas en esta p\u00e1gina web es el seguiente:<\/td>\n<\/tr>\n<tr>\n<td colspan=\"2\"><u>Cookies<\/u><\/td>\n<td><u>Nombre<\/u><\/td>\n<td colspan=\"2\"><u>Tipo<\/u><\/td>\n<td><u>Prop\u00f3sito<\/u><\/td>\n<td><u>M\u00e1s informaci\u00f3n<\/u><\/td>\n<\/tr>\n<tr>\n<td colspan=\"2\">_NID _CONSENT _ANID _DV<\/td>\n<td>Publicitaria Google<\/td>\n<td colspan=\"2\">De terceros<\/td>\n<td>Personalizar los anuncios que se muestran en sus propiedades<\/td>\n<td>Centro de privacidad de Google: https:\/\/policies.google.com\/technologies\/cookies?hl=es<\/td>\n<\/tr>\n<\/tbody>\n<\/table>\n<p>&nbsp;<\/p>\n<p>Nota: Las cookies de tipo &#8216;Propias&#8217; son utilizadas s\u00f3lo por el propietario de esta web y las cookies &#8216;De terceros&#8217; son utilizadas, por el prestador del servicio que est\u00e1 detallado en el cuadro anterior.<\/p>\n<p><strong>\u00a0<\/strong><\/p>\n<p><strong>Eliminar o bloquear las cookies<\/strong><\/p>\n<p>Usted puede permitir, bloquear o eliminar las cookies instaladas en su equipo mediante la configuraci\u00f3n de las opciones del navegador instalado en su ordenador.<\/p>\n<p>Pueder ver m\u00e1s informaci\u00f3n sobre su navegador y las cookies en los siguientes enlaces:<\/p>\n<ul>\n<li>Firefox:<a href=\"http:\/\/support.mozilla.org\/es\/kb\/habilitar-y-deshabilitar-cookies-que-los-sitios-we\">http:\/\/support.mozilla.org\/es\/kb\/habilitar-y-deshabilitar-cookies-que-los-sitios-we<\/a><\/li>\n<li>Chrome:<a href=\"http:\/\/support.google.com\/chrome\/bin\/answer.py?hl=es&amp;answer=95647\">http:\/\/support.google.com\/chrome\/bin\/answer.py?hl=es&amp;answer=95647<\/a><\/li>\n<li>Internet Explorer:<a href=\"http:\/\/windows.microsoft.com\/es-es\/windows7\/how-to-manage-cookies-in-internet-explorer-9\">http:\/\/windows.microsoft.com\/es-es\/windows7\/how-to-manage-cookies-in-internet-explorer-9<\/a><\/li>\n<li>Safari:<a href=\"http:\/\/support.apple.com\/kb\/ph5042\">http:\/\/support.apple.com\/kb\/ph5042<\/a><\/li>\n<li>Opera:\u00a0<a href=\"http:\/\/help.opera.com\/Windows\/11.50\/es-ES\/cookies.html\">http:\/\/help.opera.com\/Windows\/11.50\/es-ES\/cookies.html<\/a><\/li>\n<\/ul>\n<p>&nbsp;<\/p>\n<p><strong>Complemento de inhabilitaci\u00f3n para navegadores de Google Analytics<\/strong><\/p>\n<p>Si desea rechazar las cookies anal\u00edticas de Google Analytics en todos los navegadores, de forma que no se env\u00ede informaci\u00f3n suya a Google Analitys, puede descargar un complemento que realiza esta funci\u00f3n desde este enlace:\u00a0<a href=\"https:\/\/tools.google.com\/dlpage\/gaoptout\">https:\/\/tools.google.com\/dlpage\/gaoptout<\/a>.<\/p>\n","protected":false},"excerpt":{"rendered":"<p>POL\u00cdTICA DE PRIVACIDAD En FUNDACIO LA VALL nos preocupamos por la privacidad y la transparencia. A continuaci\u00f3n, le indicamos en detalle los tratamientos de datos personales que realizamos, as\u00ed como toda la informaci\u00f3n relativa a [&hellip;]<\/p>\n","protected":false},"author":1,"featured_media":0,"parent":0,"menu_order":0,"comment_status":"closed","ping_status":"closed","template":"template-fullwidth.php","meta":{"footnotes":""},"class_list":["post-977","page","type-page","status-publish","hentry"],"_links":{"self":[{"href":"https:\/\/fundaciolavall.cat\/es\/wp-json\/wp\/v2\/pages\/977\/"}],"collection":[{"href":"https:\/\/fundaciolavall.cat\/es\/wp-json\/wp\/v2\/pages\/"}],"about":[{"href":"https:\/\/fundaciolavall.cat\/es\/wp-json\/wp\/v2\/types\/page\/"}],"author":[{"embeddable":true,"href":"https:\/\/fundaciolavall.cat\/es\/wp-json\/wp\/v2\/users\/1\/"}],"replies":[{"embeddable":true,"href":"https:\/\/fundaciolavall.cat\/es\/wp-json\/wp\/v2\/comments\/?post=977"}],"version-history":[{"count":6,"href":"https:\/\/fundaciolavall.cat\/es\/wp-json\/wp\/v2\/pages\/977\/revisions\/"}],"predecessor-version":[{"id":1191,"href":"https:\/\/fundaciolavall.cat\/es\/wp-json\/wp\/v2\/pages\/977\/revisions\/1191\/"}],"wp:attachment":[{"href":"https:\/\/fundaciolavall.cat\/es\/wp-json\/wp\/v2\/media\/?parent=977"}],"curies":[{"name":"wp","href":"https:\/\/api.w.org\/{rel}","templated":true}]}}