{"id":957,"date":"2019-03-28T16:13:20","date_gmt":"2019-03-28T16:13:20","guid":{"rendered":"https:\/\/fundaciolavall.cat\/transparencia\/"},"modified":"2019-05-21T14:50:50","modified_gmt":"2019-05-21T14:50:50","slug":"transparencia","status":"publish","type":"page","link":"https:\/\/fundaciolavall.cat\/es\/transparencia\/","title":{"rendered":"Transparencia"},"content":{"rendered":"<p><strong>IDENTIFICACI\u00d3N<\/strong><\/p>\n<p>La Fundaci\u00f3 Privada La Vall, con domicilio social en el municipio de Sant Lloren\u00e7 de Morunys, carretera de Berga, s\/n, i NIF: G25078130, es una entidad sin \u00e1nimo de lucro, constituida el 9 de abril de 1988 ante el Notario del Ilustre Colegio de Catalu\u00f1a, Sr. Pedro B. Ortiz Barquero.<\/p>\n<p>En virtud de la Orden del Consejero de Justicia de 7 de octubre de 1988, qued\u00f3 inscrita con el n\u00famero 393 en el \u00abRegistre de la Direcci\u00f3 General de Dret i d\u2019Entitats Jur\u00eddiques del Departament de Just\u00edcia de la Generalitat de Catalunya\u00bb.<\/p>\n<p>De acuerdo con lo dispuesto en el art\u00edculo primero de los Estatutos de la Fundaci\u00f3n la Vall, esta tiene por objeto la construcci\u00f3n, organizaci\u00f3n y funcionamiento de una Residencia de Ancianos en el municipio de San LLoren\u00e7 de Morunys, as\u00ed como la realizaci\u00f3n de otros servicios ben\u00e9ficos y sociales.<\/p>\n<p>A fin efecto de llevar a cabo su objeto fundacional, tambi\u00e9n fue inscrita en el Registro de Entidades, Servicios y Establecimientos de Servicios Sociales del Departamento de Trabajo, Asuntos Sociales y Familias de la Generalidad de Catalu\u00f1a, donde consta con el n\u00famero E01233.<\/p>\n<p><strong>ACTIVIDAD DESARROLLADA A LO LARGO DEL EJERCICIO<\/strong><\/p>\n<p>Para desarrollar su actividad, la Fundaci\u00f3n es la \u00fanica propietaria y gestora de los recursos asistenciales de que est\u00e1 dotada y que a continuaci\u00f3n se detallan:<\/p>\n<p><strong>Residencia La Vall<\/strong>, ubicada en el municipio de Sant Lloren\u00e7 de Morunys, Carretera de Berga, s\/n; inscrita en el \u00abRegistre d\u2019Entitats, Serveis i Establiments de Serveis Socials del Departament de Treball, Afers Socials i Fam\u00edlies de la Generalitat de Catalunya\u00bb, con el n\u00famero S01531; y con una capacidad residencial de 49 camas, distribuidas en 15 habitaciones individuales y 17 de dobles.<\/p>\n<p>De las 49 plazas de internamiento que dispone, 40 est\u00e1n concertadas con la \u00abDirecci\u00f3 General de Protecci\u00f3 Social del Departament de Treball, Afers Socials i Familiars de la Generalitat de Catalunya\u00bb, mientras que las 9 restantes son de gesti\u00f3n privada.<\/p>\n<div id='gallery-1' class='gallery galleryid-957 gallery-columns-5 gallery-size-full'><figure class='gallery-item'>\n\t\t\t<div class='gallery-icon landscape'>\n\t\t\t\t<a href='https:\/\/fundaciolavall.cat\/es\/la-fundacion\/auditoria-comptable\/'><img loading=\"lazy\" decoding=\"async\" width=\"370\" height=\"306\" src=\"https:\/\/fundaciolavall.cat\/wp-content\/uploads\/2019\/05\/Auditoria-comptable.png\" class=\"attachment-full size-full\" alt=\"\" srcset=\"https:\/\/fundaciolavall.cat\/wp-content\/uploads\/2019\/05\/Auditoria-comptable.png 370w, https:\/\/fundaciolavall.cat\/wp-content\/uploads\/2019\/05\/Auditoria-comptable-300x248.png 300w\" sizes=\"auto, (max-width: 370px) 100vw, 370px\" \/><\/a>\n\t\t\t<\/div><\/figure><figure class='gallery-item'>\n\t\t\t<div class='gallery-icon landscape'>\n\t\t\t\t<a href='https:\/\/fundaciolavall.cat\/es\/la-fundacion\/memoria-activdades\/'><img loading=\"lazy\" decoding=\"async\" width=\"370\" height=\"306\" src=\"https:\/\/fundaciolavall.cat\/wp-content\/uploads\/2019\/05\/Memoria-activdades.png\" class=\"attachment-full size-full\" alt=\"\" srcset=\"https:\/\/fundaciolavall.cat\/wp-content\/uploads\/2019\/05\/Memoria-activdades.png 370w, https:\/\/fundaciolavall.cat\/wp-content\/uploads\/2019\/05\/Memoria-activdades-300x248.png 300w\" sizes=\"auto, (max-width: 370px) 100vw, 370px\" \/><\/a>\n\t\t\t<\/div><\/figure><figure class='gallery-item'>\n\t\t\t<div class='gallery-icon landscape'>\n\t\t\t\t<a href='https:\/\/fundaciolavall.cat\/es\/la-fundacion\/concursos-y-contratos\/'><img loading=\"lazy\" decoding=\"async\" width=\"370\" height=\"306\" src=\"https:\/\/fundaciolavall.cat\/wp-content\/uploads\/2019\/05\/Concursos-y-contratos.png\" class=\"attachment-full size-full\" alt=\"\" srcset=\"https:\/\/fundaciolavall.cat\/wp-content\/uploads\/2019\/05\/Concursos-y-contratos.png 370w, https:\/\/fundaciolavall.cat\/wp-content\/uploads\/2019\/05\/Concursos-y-contratos-300x248.png 300w\" sizes=\"auto, (max-width: 370px) 100vw, 370px\" \/><\/a>\n\t\t\t<\/div><\/figure><figure class='gallery-item'>\n\t\t\t<div class='gallery-icon landscape'>\n\t\t\t\t<a href='https:\/\/fundaciolavall.cat\/es\/la-fundacion\/balance-social\/'><img loading=\"lazy\" decoding=\"async\" width=\"370\" height=\"306\" src=\"https:\/\/fundaciolavall.cat\/wp-content\/uploads\/2019\/05\/Balance-social.png\" class=\"attachment-full size-full\" alt=\"\" srcset=\"https:\/\/fundaciolavall.cat\/wp-content\/uploads\/2019\/05\/Balance-social.png 370w, https:\/\/fundaciolavall.cat\/wp-content\/uploads\/2019\/05\/Balance-social-300x248.png 300w\" sizes=\"auto, (max-width: 370px) 100vw, 370px\" \/><\/a>\n\t\t\t<\/div><\/figure><figure class='gallery-item'>\n\t\t\t<div class='gallery-icon landscape'>\n\t\t\t\t<a href='https:\/\/fundaciolavall.cat\/es\/la-fundacion\/codigo\/'><img loading=\"lazy\" decoding=\"async\" width=\"370\" height=\"306\" src=\"https:\/\/fundaciolavall.cat\/wp-content\/uploads\/2019\/05\/Codigo.png\" class=\"attachment-full size-full\" alt=\"\" srcset=\"https:\/\/fundaciolavall.cat\/wp-content\/uploads\/2019\/05\/Codigo.png 370w, https:\/\/fundaciolavall.cat\/wp-content\/uploads\/2019\/05\/Codigo-300x248.png 300w\" sizes=\"auto, (max-width: 370px) 100vw, 370px\" \/><\/a>\n\t\t\t<\/div><\/figure>\n\t\t<\/div>\n\n","protected":false},"excerpt":{"rendered":"<p>IDENTIFICACI\u00d3N La Fundaci\u00f3 Privada La Vall, con domicilio social en el municipio de Sant Lloren\u00e7 de Morunys, carretera de Berga, s\/n, i NIF: G25078130, es una entidad sin \u00e1nimo de lucro, constituida el 9 de [&hellip;]<\/p>\n","protected":false},"author":1,"featured_media":0,"parent":0,"menu_order":0,"comment_status":"closed","ping_status":"closed","template":"template-fullwidth.php","meta":{"footnotes":""},"class_list":["post-957","page","type-page","status-publish","hentry"],"_links":{"self":[{"href":"https:\/\/fundaciolavall.cat\/es\/wp-json\/wp\/v2\/pages\/957\/"}],"collection":[{"href":"https:\/\/fundaciolavall.cat\/es\/wp-json\/wp\/v2\/pages\/"}],"about":[{"href":"https:\/\/fundaciolavall.cat\/es\/wp-json\/wp\/v2\/types\/page\/"}],"author":[{"embeddable":true,"href":"https:\/\/fundaciolavall.cat\/es\/wp-json\/wp\/v2\/users\/1\/"}],"replies":[{"embeddable":true,"href":"https:\/\/fundaciolavall.cat\/es\/wp-json\/wp\/v2\/comments\/?post=957"}],"version-history":[{"count":3,"href":"https:\/\/fundaciolavall.cat\/es\/wp-json\/wp\/v2\/pages\/957\/revisions\/"}],"predecessor-version":[{"id":969,"href":"https:\/\/fundaciolavall.cat\/es\/wp-json\/wp\/v2\/pages\/957\/revisions\/969\/"}],"wp:attachment":[{"href":"https:\/\/fundaciolavall.cat\/es\/wp-json\/wp\/v2\/media\/?parent=957"}],"curies":[{"name":"wp","href":"https:\/\/api.w.org\/{rel}","templated":true}]}}