{"id":953,"date":"2019-05-14T15:14:40","date_gmt":"2019-05-14T15:14:40","guid":{"rendered":"https:\/\/fundaciolavall.cat\/codi-etic\/"},"modified":"2019-05-24T13:29:09","modified_gmt":"2019-05-24T13:29:09","slug":"codigo-etico","status":"publish","type":"page","link":"https:\/\/fundaciolavall.cat\/es\/codigo-etico\/","title":{"rendered":"Codigo \u00c9tico"},"content":{"rendered":"<h3>C\u00f3digo \u00e9tico y de buenas pr\u00e1cticas de la Fundaci\u00f3n la Vall:<\/h3>\n<ul>\n<li><a href=\"https:\/\/fundaciolavall.cat\/wp-content\/uploads\/2019\/05\/CODI-\u00c8TIC-I-DE-BONES-PR\u00c0CTIQUES-DE-LA-FUNDACI\u00d3-LA-VALL.pdf\" target=\"_blank\" rel=\"noopener noreferrer\">CODIGO \u00c9TICO Y DE BUNENAS PR\u00c1CTICAS DE LA FUNDACI\u00d3N LA VALL<\/a><\/li>\n<\/ul>\n<div id='gallery-1' class='gallery galleryid-953 gallery-columns-5 gallery-size-full'><figure class='gallery-item'>\n\t\t\t<div class='gallery-icon landscape'>\n\t\t\t\t<a href='https:\/\/fundaciolavall.cat\/es\/balance-social\/auditoria-contable-2\/'><img loading=\"lazy\" decoding=\"async\" width=\"370\" height=\"306\" src=\"https:\/\/fundaciolavall.cat\/wp-content\/uploads\/2019\/05\/Auditoria-contable-1.png\" class=\"attachment-full size-full\" alt=\"\" srcset=\"https:\/\/fundaciolavall.cat\/wp-content\/uploads\/2019\/05\/Auditoria-contable-1.png 370w, https:\/\/fundaciolavall.cat\/wp-content\/uploads\/2019\/05\/Auditoria-contable-1-300x248.png 300w\" sizes=\"auto, (max-width: 370px) 100vw, 370px\" \/><\/a>\n\t\t\t<\/div><\/figure><figure class='gallery-item'>\n\t\t\t<div class='gallery-icon landscape'>\n\t\t\t\t<a href='https:\/\/fundaciolavall.cat\/es\/la-fundacion\/memoria-activdades\/'><img loading=\"lazy\" decoding=\"async\" width=\"370\" height=\"306\" src=\"https:\/\/fundaciolavall.cat\/wp-content\/uploads\/2019\/05\/Memoria-activdades.png\" class=\"attachment-full size-full\" alt=\"\" srcset=\"https:\/\/fundaciolavall.cat\/wp-content\/uploads\/2019\/05\/Memoria-activdades.png 370w, https:\/\/fundaciolavall.cat\/wp-content\/uploads\/2019\/05\/Memoria-activdades-300x248.png 300w\" sizes=\"auto, (max-width: 370px) 100vw, 370px\" \/><\/a>\n\t\t\t<\/div><\/figure><figure class='gallery-item'>\n\t\t\t<div class='gallery-icon landscape'>\n\t\t\t\t<a href='https:\/\/fundaciolavall.cat\/es\/la-fundacion\/concursos-y-contratos\/'><img loading=\"lazy\" decoding=\"async\" width=\"370\" height=\"306\" src=\"https:\/\/fundaciolavall.cat\/wp-content\/uploads\/2019\/05\/Concursos-y-contratos.png\" class=\"attachment-full size-full\" alt=\"\" srcset=\"https:\/\/fundaciolavall.cat\/wp-content\/uploads\/2019\/05\/Concursos-y-contratos.png 370w, https:\/\/fundaciolavall.cat\/wp-content\/uploads\/2019\/05\/Concursos-y-contratos-300x248.png 300w\" sizes=\"auto, (max-width: 370px) 100vw, 370px\" \/><\/a>\n\t\t\t<\/div><\/figure><figure class='gallery-item'>\n\t\t\t<div class='gallery-icon landscape'>\n\t\t\t\t<a href='https:\/\/fundaciolavall.cat\/es\/la-fundacion\/balance-social\/'><img loading=\"lazy\" decoding=\"async\" width=\"370\" height=\"306\" src=\"https:\/\/fundaciolavall.cat\/wp-content\/uploads\/2019\/05\/Balance-social.png\" class=\"attachment-full size-full\" alt=\"\" srcset=\"https:\/\/fundaciolavall.cat\/wp-content\/uploads\/2019\/05\/Balance-social.png 370w, https:\/\/fundaciolavall.cat\/wp-content\/uploads\/2019\/05\/Balance-social-300x248.png 300w\" sizes=\"auto, (max-width: 370px) 100vw, 370px\" \/><\/a>\n\t\t\t<\/div><\/figure>\n\t\t<\/div>\n\n","protected":false},"excerpt":{"rendered":"<p>C\u00f3digo \u00e9tico y de buenas pr\u00e1cticas de la Fundaci\u00f3n la Vall: CODIGO \u00c9TICO Y DE BUNENAS PR\u00c1CTICAS DE LA FUNDACI\u00d3N LA VALL<\/p>\n","protected":false},"author":1,"featured_media":0,"parent":0,"menu_order":0,"comment_status":"closed","ping_status":"closed","template":"template-fullwidth.php","meta":{"footnotes":""},"class_list":["post-953","page","type-page","status-publish","hentry"],"_links":{"self":[{"href":"https:\/\/fundaciolavall.cat\/es\/wp-json\/wp\/v2\/pages\/953\/"}],"collection":[{"href":"https:\/\/fundaciolavall.cat\/es\/wp-json\/wp\/v2\/pages\/"}],"about":[{"href":"https:\/\/fundaciolavall.cat\/es\/wp-json\/wp\/v2\/types\/page\/"}],"author":[{"embeddable":true,"href":"https:\/\/fundaciolavall.cat\/es\/wp-json\/wp\/v2\/users\/1\/"}],"replies":[{"embeddable":true,"href":"https:\/\/fundaciolavall.cat\/es\/wp-json\/wp\/v2\/comments\/?post=953"}],"version-history":[{"count":3,"href":"https:\/\/fundaciolavall.cat\/es\/wp-json\/wp\/v2\/pages\/953\/revisions\/"}],"predecessor-version":[{"id":1014,"href":"https:\/\/fundaciolavall.cat\/es\/wp-json\/wp\/v2\/pages\/953\/revisions\/1014\/"}],"wp:attachment":[{"href":"https:\/\/fundaciolavall.cat\/es\/wp-json\/wp\/v2\/media\/?parent=953"}],"curies":[{"name":"wp","href":"https:\/\/api.w.org\/{rel}","templated":true}]}}