{"id":951,"date":"2019-03-28T16:19:14","date_gmt":"2019-03-28T16:19:14","guid":{"rendered":"https:\/\/fundaciolavall.cat\/auditoria-comptable\/"},"modified":"2023-06-16T05:48:14","modified_gmt":"2023-06-16T05:48:14","slug":"auditoria-contable","status":"publish","type":"page","link":"https:\/\/fundaciolavall.cat\/es\/auditoria-contable\/","title":{"rendered":"Auditor\u00eda contable"},"content":{"rendered":"<h3>Auditorias contables de la Fundaci\u00f3n la Vall:<\/h3>\n<ul>\n<li><a href=\"https:\/\/fundaciolavall.cat\/wp-content\/uploads\/2023\/06\/FLV-AUDITORIA-COMPTABLE-2022-Sig.pdf\" target=\"_blank\" rel=\"noopener\">AUDITOR\u00cdA CONTABLE 2022<\/a><\/li>\n<li><a href=\"https:\/\/fundaciolavall.cat\/wp-content\/uploads\/2022\/05\/FLV-AUDITORIA-COMPTABLE-2021.pdf\" target=\"_blank\" rel=\"noopener\">AUDITOR\u00cdA CONTABLE 2021<\/a><\/li>\n<li><a href=\"https:\/\/fundaciolavall.cat\/wp-content\/uploads\/2021\/06\/FLV-AUDITORIA-COMPTABLE-2020.pdf\" target=\"_blank\" rel=\"noopener\">AUDITOR\u00cdA CONTABLE 2020<\/a><\/li>\n<li><a href=\"https:\/\/fundaciolavall.cat\/wp-content\/uploads\/2020\/06\/FLV-AUDITORIA-COMPTABLE-2019.pdf\" target=\"_blank\" rel=\"noopener noreferrer\">AUDITOR\u00cdA CONTABLE 2019<\/a><\/li>\n<li><a href=\"https:\/\/fundaciolavall.cat\/wp-content\/uploads\/2019\/05\/FLV-AUDITORIA-COMPTABLE-2018.pdf\" target=\"_blank\" rel=\"noopener noreferrer\">AUDITOR\u00cdA CONTABLE 2018<\/a><\/li>\n<li><a href=\"https:\/\/fundaciolavall.cat\/wp-content\/uploads\/2019\/03\/FLV-AUDITORIA-COMPTABLE-2017.pdf\" target=\"_blank\" rel=\"noopener noreferrer\">AUDITOR\u00cdA CONTABLE 2017<\/a><\/li>\n<li><a href=\"https:\/\/fundaciolavall.cat\/wp-content\/uploads\/2019\/03\/FLV-AUDITORIA-COMPTABLE-2016.pdf\" target=\"_blank\" rel=\"noopener noreferrer\">AUDITOR\u00cdA CONTABLE 2016<\/a><\/li>\n<li><a href=\"https:\/\/fundaciolavall.cat\/wp-content\/uploads\/2019\/03\/FLV-AUDITORIA-COMPTABLE-2015.pdf\" target=\"_blank\" rel=\"noopener noreferrer\">AUDITOR\u00cdA CONTABLE 2015<\/a><\/li>\n<\/ul>\n<div id='gallery-1' class='gallery galleryid-951 gallery-columns-5 gallery-size-full'><figure class='gallery-item'>\n\t\t\t<div class='gallery-icon landscape'>\n\t\t\t\t<a href='https:\/\/fundaciolavall.cat\/es\/la-fundacion\/memoria-activdades\/'><img loading=\"lazy\" decoding=\"async\" width=\"370\" height=\"306\" src=\"https:\/\/fundaciolavall.cat\/wp-content\/uploads\/2019\/05\/Memoria-activdades.png\" class=\"attachment-full size-full\" alt=\"\" srcset=\"https:\/\/fundaciolavall.cat\/wp-content\/uploads\/2019\/05\/Memoria-activdades.png 370w, https:\/\/fundaciolavall.cat\/wp-content\/uploads\/2019\/05\/Memoria-activdades-300x248.png 300w\" sizes=\"auto, (max-width: 370px) 100vw, 370px\" \/><\/a>\n\t\t\t<\/div><\/figure><figure class='gallery-item'>\n\t\t\t<div class='gallery-icon landscape'>\n\t\t\t\t<a href='https:\/\/fundaciolavall.cat\/es\/la-fundacion\/concursos-y-contratos\/'><img loading=\"lazy\" decoding=\"async\" width=\"370\" height=\"306\" src=\"https:\/\/fundaciolavall.cat\/wp-content\/uploads\/2019\/05\/Concursos-y-contratos.png\" class=\"attachment-full size-full\" alt=\"\" srcset=\"https:\/\/fundaciolavall.cat\/wp-content\/uploads\/2019\/05\/Concursos-y-contratos.png 370w, https:\/\/fundaciolavall.cat\/wp-content\/uploads\/2019\/05\/Concursos-y-contratos-300x248.png 300w\" sizes=\"auto, (max-width: 370px) 100vw, 370px\" \/><\/a>\n\t\t\t<\/div><\/figure><figure class='gallery-item'>\n\t\t\t<div class='gallery-icon landscape'>\n\t\t\t\t<a href='https:\/\/fundaciolavall.cat\/es\/la-fundacion\/balance-social\/'><img loading=\"lazy\" decoding=\"async\" width=\"370\" height=\"306\" src=\"https:\/\/fundaciolavall.cat\/wp-content\/uploads\/2019\/05\/Balance-social.png\" class=\"attachment-full size-full\" alt=\"\" srcset=\"https:\/\/fundaciolavall.cat\/wp-content\/uploads\/2019\/05\/Balance-social.png 370w, https:\/\/fundaciolavall.cat\/wp-content\/uploads\/2019\/05\/Balance-social-300x248.png 300w\" sizes=\"auto, (max-width: 370px) 100vw, 370px\" \/><\/a>\n\t\t\t<\/div><\/figure><figure class='gallery-item'>\n\t\t\t<div class='gallery-icon landscape'>\n\t\t\t\t<a href='https:\/\/fundaciolavall.cat\/es\/la-fundacion\/codigo\/'><img loading=\"lazy\" decoding=\"async\" width=\"370\" height=\"306\" src=\"https:\/\/fundaciolavall.cat\/wp-content\/uploads\/2019\/05\/Codigo.png\" class=\"attachment-full size-full\" alt=\"\" srcset=\"https:\/\/fundaciolavall.cat\/wp-content\/uploads\/2019\/05\/Codigo.png 370w, https:\/\/fundaciolavall.cat\/wp-content\/uploads\/2019\/05\/Codigo-300x248.png 300w\" sizes=\"auto, (max-width: 370px) 100vw, 370px\" \/><\/a>\n\t\t\t<\/div><\/figure>\n\t\t<\/div>\n\n","protected":false},"excerpt":{"rendered":"<p>Auditorias contables de la Fundaci\u00f3n la Vall: AUDITOR\u00cdA CONTABLE 2022 AUDITOR\u00cdA CONTABLE 2021 AUDITOR\u00cdA CONTABLE 2020 AUDITOR\u00cdA CONTABLE 2019 AUDITOR\u00cdA CONTABLE 2018 AUDITOR\u00cdA CONTABLE 2017 AUDITOR\u00cdA CONTABLE 2016 AUDITOR\u00cdA CONTABLE 2015<\/p>\n","protected":false},"author":1,"featured_media":0,"parent":0,"menu_order":0,"comment_status":"closed","ping_status":"closed","template":"template-fullwidth.php","meta":{"footnotes":""},"class_list":["post-951","page","type-page","status-publish","hentry"],"_links":{"self":[{"href":"https:\/\/fundaciolavall.cat\/es\/wp-json\/wp\/v2\/pages\/951\/"}],"collection":[{"href":"https:\/\/fundaciolavall.cat\/es\/wp-json\/wp\/v2\/pages\/"}],"about":[{"href":"https:\/\/fundaciolavall.cat\/es\/wp-json\/wp\/v2\/types\/page\/"}],"author":[{"embeddable":true,"href":"https:\/\/fundaciolavall.cat\/es\/wp-json\/wp\/v2\/users\/1\/"}],"replies":[{"embeddable":true,"href":"https:\/\/fundaciolavall.cat\/es\/wp-json\/wp\/v2\/comments\/?post=951"}],"version-history":[{"count":9,"href":"https:\/\/fundaciolavall.cat\/es\/wp-json\/wp\/v2\/pages\/951\/revisions\/"}],"predecessor-version":[{"id":1226,"href":"https:\/\/fundaciolavall.cat\/es\/wp-json\/wp\/v2\/pages\/951\/revisions\/1226\/"}],"wp:attachment":[{"href":"https:\/\/fundaciolavall.cat\/es\/wp-json\/wp\/v2\/media\/?parent=951"}],"curies":[{"name":"wp","href":"https:\/\/api.w.org\/{rel}","templated":true}]}}