{"id":891,"date":"2019-03-25T16:04:46","date_gmt":"2019-03-25T16:04:46","guid":{"rendered":"https:\/\/fundaciolavall.cat\/missio-i-valors\/"},"modified":"2019-05-21T13:43:57","modified_gmt":"2019-05-21T13:43:57","slug":"mision-y-valores","status":"publish","type":"page","link":"https:\/\/fundaciolavall.cat\/es\/mision-y-valores\/","title":{"rendered":"Misi\u00f3n y valores"},"content":{"rendered":"<h3>Nuestra misi\u00f3n<\/h3>\n<p>Dar asistencia a las personas con carencias de autonom\u00eda personal y\/o problemas sanitarios mediante una atenci\u00f3n integral, de calidad y sostenible, que cubra sus necesidades b\u00e1sicas de la vida diaria potenciando su autonom\u00eda y capacidades.<\/p>\n<h3>Nuestra visi\u00f3n<\/h3>\n<p>Conseguir el reconocimiento como entidad de excelencia en la atenci\u00f3n geri\u00e1trica y ser referentes en nuestros \u00e1mbitos de actuaci\u00f3n, dando respuesta a las necesidades del entorno con un modelo de m\u00e1xima eficiencia en la gesti\u00f3n de los recursos asistenciales.<\/p>\n<h3>Nuestros valores<\/h3>\n<ul style=\"list-style-type: disc;\">\n<li>Compromiso social<\/li>\n<li>Generosidad y solidaridad<\/li>\n<li>\u00c9tica y profesionalidad<\/li>\n<li>Responsabilidad<\/li>\n<li>Honestidad<\/li>\n<\/ul>\n<div id='gallery-1' class='gallery galleryid-891 gallery-columns-5 gallery-size-full'><figure class='gallery-item'>\n\t\t\t<div class='gallery-icon landscape'>\n\t\t\t\t<a href='https:\/\/fundaciolavall.cat\/wp-content\/uploads\/2019\/05\/La-Fundaci\u00f3n.png' data-lightbox=\"gal[891]\"><img loading=\"lazy\" decoding=\"async\" width=\"363\" height=\"301\" src=\"https:\/\/fundaciolavall.cat\/wp-content\/uploads\/2019\/05\/La-Fundaci\u00f3n.png\" class=\"attachment-full size-full\" alt=\"\" srcset=\"https:\/\/fundaciolavall.cat\/wp-content\/uploads\/2019\/05\/La-Fundaci\u00f3n.png 363w, https:\/\/fundaciolavall.cat\/wp-content\/uploads\/2019\/05\/La-Fundaci\u00f3n-300x249.png 300w\" sizes=\"auto, (max-width: 363px) 100vw, 363px\" \/><\/a>\n\t\t\t<\/div><\/figure><figure class='gallery-item'>\n\t\t\t<div class='gallery-icon landscape'>\n\t\t\t\t<a href='https:\/\/fundaciolavall.cat\/wp-content\/uploads\/2019\/05\/Organigrama.png' data-lightbox=\"gal[891]\"><img loading=\"lazy\" decoding=\"async\" width=\"370\" height=\"306\" src=\"https:\/\/fundaciolavall.cat\/wp-content\/uploads\/2019\/05\/Organigrama.png\" class=\"attachment-full size-full\" alt=\"\" srcset=\"https:\/\/fundaciolavall.cat\/wp-content\/uploads\/2019\/05\/Organigrama.png 370w, https:\/\/fundaciolavall.cat\/wp-content\/uploads\/2019\/05\/Organigrama-300x248.png 300w\" sizes=\"auto, (max-width: 370px) 100vw, 370px\" \/><\/a>\n\t\t\t<\/div><\/figure><figure class='gallery-item'>\n\t\t\t<div class='gallery-icon landscape'>\n\t\t\t\t<a href='https:\/\/fundaciolavall.cat\/wp-content\/uploads\/2019\/05\/Patronato.png' data-lightbox=\"gal[891]\"><img loading=\"lazy\" decoding=\"async\" width=\"370\" height=\"306\" src=\"https:\/\/fundaciolavall.cat\/wp-content\/uploads\/2019\/05\/Patronato.png\" class=\"attachment-full size-full\" alt=\"\" srcset=\"https:\/\/fundaciolavall.cat\/wp-content\/uploads\/2019\/05\/Patronato.png 370w, https:\/\/fundaciolavall.cat\/wp-content\/uploads\/2019\/05\/Patronato-300x248.png 300w\" sizes=\"auto, (max-width: 370px) 100vw, 370px\" \/><\/a>\n\t\t\t<\/div><\/figure><figure class='gallery-item'>\n\t\t\t<div class='gallery-icon landscape'>\n\t\t\t\t<a href='https:\/\/fundaciolavall.cat\/wp-content\/uploads\/2019\/05\/Estatutos.png' data-lightbox=\"gal[891]\"><img loading=\"lazy\" decoding=\"async\" width=\"370\" height=\"306\" src=\"https:\/\/fundaciolavall.cat\/wp-content\/uploads\/2019\/05\/Estatutos.png\" class=\"attachment-full size-full\" alt=\"\" srcset=\"https:\/\/fundaciolavall.cat\/wp-content\/uploads\/2019\/05\/Estatutos.png 370w, https:\/\/fundaciolavall.cat\/wp-content\/uploads\/2019\/05\/Estatutos-300x248.png 300w\" sizes=\"auto, (max-width: 370px) 100vw, 370px\" \/><\/a>\n\t\t\t<\/div><\/figure>\n\t\t<\/div>\n\n<hr \/>\n<blockquote><p>\u00bfQuieres colaborar con la Fundaci\u00f3n? Hazte voluntario, participa en las actividades.<\/p>\n<p><a class=\"btn btn-read-more\" href=\"https:\/\/fundaciolavall.cat\/es\/hazte-voluntario\/\"> Hazte voluntario \u00bb<\/a><\/p><\/blockquote>\n","protected":false},"excerpt":{"rendered":"<p>Nuestra misi\u00f3n Dar asistencia a las personas con carencias de autonom\u00eda personal y\/o problemas sanitarios mediante una atenci\u00f3n integral, de calidad y sostenible, que cubra sus necesidades b\u00e1sicas de la vida diaria potenciando su autonom\u00eda [&hellip;]<\/p>\n","protected":false},"author":1,"featured_media":0,"parent":0,"menu_order":0,"comment_status":"closed","ping_status":"closed","template":"template-fullwidth.php","meta":{"footnotes":""},"class_list":["post-891","page","type-page","status-publish","hentry"],"_links":{"self":[{"href":"https:\/\/fundaciolavall.cat\/es\/wp-json\/wp\/v2\/pages\/891\/"}],"collection":[{"href":"https:\/\/fundaciolavall.cat\/es\/wp-json\/wp\/v2\/pages\/"}],"about":[{"href":"https:\/\/fundaciolavall.cat\/es\/wp-json\/wp\/v2\/types\/page\/"}],"author":[{"embeddable":true,"href":"https:\/\/fundaciolavall.cat\/es\/wp-json\/wp\/v2\/users\/1\/"}],"replies":[{"embeddable":true,"href":"https:\/\/fundaciolavall.cat\/es\/wp-json\/wp\/v2\/comments\/?post=891"}],"version-history":[{"count":3,"href":"https:\/\/fundaciolavall.cat\/es\/wp-json\/wp\/v2\/pages\/891\/revisions\/"}],"predecessor-version":[{"id":940,"href":"https:\/\/fundaciolavall.cat\/es\/wp-json\/wp\/v2\/pages\/891\/revisions\/940\/"}],"wp:attachment":[{"href":"https:\/\/fundaciolavall.cat\/es\/wp-json\/wp\/v2\/media\/?parent=891"}],"curies":[{"name":"wp","href":"https:\/\/api.w.org\/{rel}","templated":true}]}}