{"id":881,"date":"2019-03-25T16:16:32","date_gmt":"2019-03-25T16:16:32","guid":{"rendered":"https:\/\/fundaciolavall.cat\/la-fundacio\/"},"modified":"2019-05-21T13:36:42","modified_gmt":"2019-05-21T13:36:42","slug":"la-fundacion","status":"publish","type":"page","link":"https:\/\/fundaciolavall.cat\/es\/la-fundacion\/","title":{"rendered":"La Fundaci\u00f3n"},"content":{"rendered":"<p>La Residencia la Vall se encuentra situada en Sant Lloren\u00e7 de Morunys, uno de los municipios que junto con la Coma i la Pedra y Guixers conforman la Vall de Lord, un entorno privilegiado donde se puede disfrutar de la naturaleza en el extremo norte del Solson\u00e8s, entre el Bergued\u00e0 y el Alt Urgell y el nacimiento del r\u00edo Cardener, al pie de la sierra del Port del Comte.<\/p>\n<hr \/>\n<blockquote><p>Somos una fundaci\u00f3n privada sin \u00e1nimo de lucro, regida por un patronato, y titular de la Residencia para personas mayores que trabaja desde el a\u00f1o 1992.<\/p><\/blockquote>\n<hr \/>\n<p>Nuestro principal objetivo es conseguir el bienestar y calidad de vida de nuestros usuarios a trav\u00e9s de un equipo asistencial altamente cualificado. Disponemos de los recursos humanos y t\u00e9cnicos necesarios para garantizar la atenci\u00f3n integral y personalizada a todas las personas residentes en un entorno agradable y familiar.<\/p>\n<p>Nuestra residencia dispone de <strong> 40 plazas concertadas <\/strong> con los Servicios Sociales de la Generalidad de Catalu\u00f1a y de <strong> 9 plazas privadas <\/strong>.<\/p>\n<div id='gallery-1' class='gallery galleryid-881 gallery-columns-5 gallery-size-full'><figure class='gallery-item'>\n\t\t\t<div class='gallery-icon landscape'>\n\t\t\t\t<a href='https:\/\/fundaciolavall.cat\/wp-content\/uploads\/2019\/05\/Organigrama.png' data-lightbox=\"gal[881]\"><img loading=\"lazy\" decoding=\"async\" width=\"370\" height=\"306\" src=\"https:\/\/fundaciolavall.cat\/wp-content\/uploads\/2019\/05\/Organigrama.png\" class=\"attachment-full size-full\" alt=\"\" srcset=\"https:\/\/fundaciolavall.cat\/wp-content\/uploads\/2019\/05\/Organigrama.png 370w, https:\/\/fundaciolavall.cat\/wp-content\/uploads\/2019\/05\/Organigrama-300x248.png 300w\" sizes=\"auto, (max-width: 370px) 100vw, 370px\" \/><\/a>\n\t\t\t<\/div><\/figure><figure class='gallery-item'>\n\t\t\t<div class='gallery-icon landscape'>\n\t\t\t\t<a href='https:\/\/fundaciolavall.cat\/wp-content\/uploads\/2019\/05\/Patronato.png' data-lightbox=\"gal[881]\"><img loading=\"lazy\" decoding=\"async\" width=\"370\" height=\"306\" src=\"https:\/\/fundaciolavall.cat\/wp-content\/uploads\/2019\/05\/Patronato.png\" class=\"attachment-full size-full\" alt=\"\" srcset=\"https:\/\/fundaciolavall.cat\/wp-content\/uploads\/2019\/05\/Patronato.png 370w, https:\/\/fundaciolavall.cat\/wp-content\/uploads\/2019\/05\/Patronato-300x248.png 300w\" sizes=\"auto, (max-width: 370px) 100vw, 370px\" \/><\/a>\n\t\t\t<\/div><\/figure><figure class='gallery-item'>\n\t\t\t<div class='gallery-icon landscape'>\n\t\t\t\t<a href='https:\/\/fundaciolavall.cat\/wp-content\/uploads\/2019\/05\/Misi\u00f3n.png' data-lightbox=\"gal[881]\"><img loading=\"lazy\" decoding=\"async\" width=\"370\" height=\"306\" src=\"https:\/\/fundaciolavall.cat\/wp-content\/uploads\/2019\/05\/Misi\u00f3n.png\" class=\"attachment-full size-full\" alt=\"\" srcset=\"https:\/\/fundaciolavall.cat\/wp-content\/uploads\/2019\/05\/Misi\u00f3n.png 370w, https:\/\/fundaciolavall.cat\/wp-content\/uploads\/2019\/05\/Misi\u00f3n-300x248.png 300w\" sizes=\"auto, (max-width: 370px) 100vw, 370px\" \/><\/a>\n\t\t\t<\/div><\/figure><figure class='gallery-item'>\n\t\t\t<div class='gallery-icon landscape'>\n\t\t\t\t<a href='https:\/\/fundaciolavall.cat\/wp-content\/uploads\/2019\/05\/Estatutos.png' data-lightbox=\"gal[881]\"><img loading=\"lazy\" decoding=\"async\" width=\"370\" height=\"306\" src=\"https:\/\/fundaciolavall.cat\/wp-content\/uploads\/2019\/05\/Estatutos.png\" class=\"attachment-full size-full\" alt=\"\" srcset=\"https:\/\/fundaciolavall.cat\/wp-content\/uploads\/2019\/05\/Estatutos.png 370w, https:\/\/fundaciolavall.cat\/wp-content\/uploads\/2019\/05\/Estatutos-300x248.png 300w\" sizes=\"auto, (max-width: 370px) 100vw, 370px\" \/><\/a>\n\t\t\t<\/div><\/figure>\n\t\t<\/div>\n\n<hr \/>\n<blockquote><p>\u00bfQuieres colaborar con la Fundaci\u00f3n? Hazte voluntario, participa en las actividades.<\/p>\n<p><a class=\"btn btn-read-more\" href=\"https:\/\/fundaciolavall.cat\/es\/hazte-voluntario\/\">Hazte voluntario \u00bb<\/a><\/p><\/blockquote>\n","protected":false},"excerpt":{"rendered":"<p>La Residencia la Vall se encuentra situada en Sant Lloren\u00e7 de Morunys, uno de los municipios que junto con la Coma i la Pedra y Guixers conforman la Vall de Lord, un entorno privilegiado donde [&hellip;]<\/p>\n","protected":false},"author":1,"featured_media":0,"parent":0,"menu_order":0,"comment_status":"closed","ping_status":"closed","template":"template-fullwidth.php","meta":{"footnotes":""},"class_list":["post-881","page","type-page","status-publish","hentry"],"_links":{"self":[{"href":"https:\/\/fundaciolavall.cat\/es\/wp-json\/wp\/v2\/pages\/881\/"}],"collection":[{"href":"https:\/\/fundaciolavall.cat\/es\/wp-json\/wp\/v2\/pages\/"}],"about":[{"href":"https:\/\/fundaciolavall.cat\/es\/wp-json\/wp\/v2\/types\/page\/"}],"author":[{"embeddable":true,"href":"https:\/\/fundaciolavall.cat\/es\/wp-json\/wp\/v2\/users\/1\/"}],"replies":[{"embeddable":true,"href":"https:\/\/fundaciolavall.cat\/es\/wp-json\/wp\/v2\/comments\/?post=881"}],"version-history":[{"count":3,"href":"https:\/\/fundaciolavall.cat\/es\/wp-json\/wp\/v2\/pages\/881\/revisions\/"}],"predecessor-version":[{"id":936,"href":"https:\/\/fundaciolavall.cat\/es\/wp-json\/wp\/v2\/pages\/881\/revisions\/936\/"}],"wp:attachment":[{"href":"https:\/\/fundaciolavall.cat\/es\/wp-json\/wp\/v2\/media\/?parent=881"}],"curies":[{"name":"wp","href":"https:\/\/api.w.org\/{rel}","templated":true}]}}