{"id":1003,"date":"2019-05-23T15:08:21","date_gmt":"2019-05-23T15:08:21","guid":{"rendered":"https:\/\/fundaciolavall.cat\/balanc-social\/"},"modified":"2019-06-07T13:19:59","modified_gmt":"2019-06-07T13:19:59","slug":"balance-social","status":"publish","type":"page","link":"https:\/\/fundaciolavall.cat\/es\/balance-social\/","title":{"rendered":"Balance Social"},"content":{"rendered":"<h3>Balance Social de la Fundaci\u00f3n la Vall:<\/h3>\n<ul>\n<li><a href=\"https:\/\/fundaciolavall.cat\/wp-content\/uploads\/2019\/06\/2019-ENQUESTA-SATISFACCI\u00d3-USUARIS.pdf\">2019 ENCUESTA SATISFACCI\u00d3N USUARIOS<\/a><\/li>\n<li><a href=\"https:\/\/fundaciolavall.cat\/wp-content\/uploads\/2019\/06\/2019-ENQUESTA-SATISFACCI\u00d3-TREBALLADORS-1.pdf\">2019 ENCUESTA SATISFACCI\u00d3N TRABAJADORES<\/a><\/li>\n<li><a href=\"https:\/\/fundaciolavall.cat\/wp-content\/uploads\/2019\/05\/FLV-BALAN\u00c7-SOCIAL-2018.pdf\" target=\"_blank\" rel=\"noopener noreferrer\">FLV BALANCE\u00a0 SOCIAL 2018<\/a><\/li>\n<\/ul>\n<div id='gallery-1' class='gallery galleryid-1003 gallery-columns-5 gallery-size-full'><figure class='gallery-item'>\n\t\t\t<div class='gallery-icon landscape'>\n\t\t\t\t<a href='https:\/\/fundaciolavall.cat\/es\/balance-social\/auditoria-contable-2\/'><img loading=\"lazy\" decoding=\"async\" width=\"370\" height=\"306\" src=\"https:\/\/fundaciolavall.cat\/wp-content\/uploads\/2019\/05\/Auditoria-contable-1.png\" class=\"attachment-full size-full\" alt=\"\" srcset=\"https:\/\/fundaciolavall.cat\/wp-content\/uploads\/2019\/05\/Auditoria-contable-1.png 370w, https:\/\/fundaciolavall.cat\/wp-content\/uploads\/2019\/05\/Auditoria-contable-1-300x248.png 300w\" sizes=\"auto, (max-width: 370px) 100vw, 370px\" \/><\/a>\n\t\t\t<\/div><\/figure><figure class='gallery-item'>\n\t\t\t<div class='gallery-icon landscape'>\n\t\t\t\t<a href='https:\/\/fundaciolavall.cat\/es\/la-fundacion\/memoria-activdades\/'><img loading=\"lazy\" decoding=\"async\" width=\"370\" height=\"306\" src=\"https:\/\/fundaciolavall.cat\/wp-content\/uploads\/2019\/05\/Memoria-activdades.png\" class=\"attachment-full size-full\" alt=\"\" srcset=\"https:\/\/fundaciolavall.cat\/wp-content\/uploads\/2019\/05\/Memoria-activdades.png 370w, https:\/\/fundaciolavall.cat\/wp-content\/uploads\/2019\/05\/Memoria-activdades-300x248.png 300w\" sizes=\"auto, (max-width: 370px) 100vw, 370px\" \/><\/a>\n\t\t\t<\/div><\/figure><figure class='gallery-item'>\n\t\t\t<div class='gallery-icon landscape'>\n\t\t\t\t<a href='https:\/\/fundaciolavall.cat\/es\/la-fundacion\/concursos-y-contratos\/'><img loading=\"lazy\" decoding=\"async\" width=\"370\" height=\"306\" src=\"https:\/\/fundaciolavall.cat\/wp-content\/uploads\/2019\/05\/Concursos-y-contratos.png\" class=\"attachment-full size-full\" alt=\"\" srcset=\"https:\/\/fundaciolavall.cat\/wp-content\/uploads\/2019\/05\/Concursos-y-contratos.png 370w, https:\/\/fundaciolavall.cat\/wp-content\/uploads\/2019\/05\/Concursos-y-contratos-300x248.png 300w\" sizes=\"auto, (max-width: 370px) 100vw, 370px\" \/><\/a>\n\t\t\t<\/div><\/figure><figure class='gallery-item'>\n\t\t\t<div class='gallery-icon landscape'>\n\t\t\t\t<a href='https:\/\/fundaciolavall.cat\/es\/la-fundacion\/codigo\/'><img loading=\"lazy\" decoding=\"async\" width=\"370\" height=\"306\" src=\"https:\/\/fundaciolavall.cat\/wp-content\/uploads\/2019\/05\/Codigo.png\" class=\"attachment-full size-full\" alt=\"\" srcset=\"https:\/\/fundaciolavall.cat\/wp-content\/uploads\/2019\/05\/Codigo.png 370w, https:\/\/fundaciolavall.cat\/wp-content\/uploads\/2019\/05\/Codigo-300x248.png 300w\" sizes=\"auto, (max-width: 370px) 100vw, 370px\" \/><\/a>\n\t\t\t<\/div><\/figure>\n\t\t<\/div>\n\n","protected":false},"excerpt":{"rendered":"<p>Balance Social de la Fundaci\u00f3n la Vall: 2019 ENCUESTA SATISFACCI\u00d3N USUARIOS 2019 ENCUESTA SATISFACCI\u00d3N TRABAJADORES FLV BALANCE\u00a0 SOCIAL 2018<\/p>\n","protected":false},"author":2,"featured_media":0,"parent":0,"menu_order":0,"comment_status":"closed","ping_status":"closed","template":"template-fullwidth.php","meta":{"footnotes":""},"class_list":["post-1003","page","type-page","status-publish","hentry"],"_links":{"self":[{"href":"https:\/\/fundaciolavall.cat\/es\/wp-json\/wp\/v2\/pages\/1003\/"}],"collection":[{"href":"https:\/\/fundaciolavall.cat\/es\/wp-json\/wp\/v2\/pages\/"}],"about":[{"href":"https:\/\/fundaciolavall.cat\/es\/wp-json\/wp\/v2\/types\/page\/"}],"author":[{"embeddable":true,"href":"https:\/\/fundaciolavall.cat\/es\/wp-json\/wp\/v2\/users\/2\/"}],"replies":[{"embeddable":true,"href":"https:\/\/fundaciolavall.cat\/es\/wp-json\/wp\/v2\/comments\/?post=1003"}],"version-history":[{"count":5,"href":"https:\/\/fundaciolavall.cat\/es\/wp-json\/wp\/v2\/pages\/1003\/revisions\/"}],"predecessor-version":[{"id":1004,"href":"https:\/\/fundaciolavall.cat\/es\/wp-json\/wp\/v2\/pages\/1003\/revisions\/1004\/"}],"wp:attachment":[{"href":"https:\/\/fundaciolavall.cat\/es\/wp-json\/wp\/v2\/media\/?parent=1003"}],"curies":[{"name":"wp","href":"https:\/\/api.w.org\/{rel}","templated":true}]}}